{"id":63,"date":"2023-02-10T10:58:36","date_gmt":"2023-02-10T10:58:36","guid":{"rendered":"https:\/\/uebers-pl-de.de\/?page_id=63"},"modified":"2023-03-01T11:37:58","modified_gmt":"2023-03-01T11:37:58","slug":"datenschutz","status":"publish","type":"page","link":"https:\/\/uebers-pl-de.de\/pl\/datenschutz\/","title":{"rendered":"Ochrona danych osobowych"},"content":{"rendered":"<p>[et_pb_section fb_built=&#8220;1&#8243; fullwidth=&#8220;on&#8220; admin_label=&#8220;Hero Section&#8220; _builder_version=&#8220;4.16&#8243; global_colors_info=&#8220;{}&#8220;][et_pb_fullwidth_header title=&#8220;.&#8220; subhead=&#8220;.&#8220; background_overlay_color=&#8220;rgba(0,0,0,0.6)&#8220; content_max_width=&#8220;550px&#8220; background_overlay_color_tablet=&#8220;rgba(0,0,0,0.45)&#8220; background_overlay_color_phone=&#8220;rgba(0,0,0,0.21)&#8220; background_overlay_color_last_edited=&#8220;on|tablet&#8220; _builder_version=&#8220;4.19.5&#8243; title_font=&#8220;Poppins|700||on|||||&#8220; title_text_color=&#8220;RGBA(255,255,255,0)&#8220; title_font_size=&#8220;14px&#8220; title_letter_spacing=&#8220;2px&#8220; title_line_height=&#8220;1.4em&#8220; content_font=&#8220;Poppins||||||||&#8220; content_text_color=&#8220;RGBA(255,255,255,0)&#8220; content_font_size=&#8220;16px&#8220; content_letter_spacing=&#8220;1px&#8220; content_line_height=&#8220;2em&#8220; subhead_font=&#8220;|700||on|||||&#8220; subhead_text_color=&#8220;RGBA(255,255,255,0)&#8220; subhead_font_size=&#8220;48px&#8220; subhead_letter_spacing=&#8220;3px&#8220; subhead_line_height=&#8220;1.4em&#8220; background_color=&#8220;rgba(255, 255, 255, 0)&#8220; background_image=&#8220;https:\/\/uebers-pl-de.de\/wp-content\/uploads\/2023\/02\/dsgvo.jpg&#8220; parallax=&#8220;on&#8220; parallax_method=&#8220;on&#8220; custom_button_one=&#8220;on&#8220; button_one_border_width=&#8220;1px&#8220; button_one_border_color=&#8220;rgba(255,255,255,0.3)&#8220; button_one_border_radius=&#8220;0px&#8220; button_one_letter_spacing=&#8220;1px&#8220; button_one_font=&#8220;Saira Extra Condensed|600||on|||||&#8220; button_one_icon=&#8220;&#x24;||divi||400&#8243; button_one_icon_color=&#8220;#edbb5f&#8220; custom_button_two=&#8220;on&#8220; button_two_border_width=&#8220;1px&#8220; button_two_border_color=&#8220;rgba(255,255,255,0.3)&#8220; button_two_border_radius=&#8220;0px&#8220; button_two_letter_spacing=&#8220;1px&#8220; button_two_font=&#8220;Saira Extra Condensed|600||on|||||&#8220; button_two_icon=&#8220;&#x24;||divi||400&#8243; button_two_icon_color=&#8220;#edbb5f&#8220; module_alignment=&#8220;right&#8220; custom_margin=&#8220;|||&#8220; custom_padding=&#8220;8%||8%|&#8220; background_last_edited=&#8220;on|phone&#8220; parallax_tablet=&#8220;off&#8220; parallax_phone=&#8220;off&#8220; background_size_tablet=&#8220;cover&#8220; background_position_phone=&#8220;top_center&#8220; background_blend_phone=&#8220;normal&#8220; button_one_text_color_hover=&#8220;#edbb5f&#8220; button_two_text_color_hover=&#8220;#edbb5f&#8220; button_one_bg_color_hover=&#8220;rgba(0,0,0,0)&#8220; button_two_bg_color_hover=&#8220;rgba(0,0,0,0)&#8220; global_colors_info=&#8220;{}&#8220; button_one_text_size__hover_enabled=&#8220;off&#8220; button_two_text_size__hover_enabled=&#8220;off&#8220; button_one_text_color__hover_enabled=&#8220;on&#8220; button_one_text_color__hover=&#8220;#edbb5f&#8220; button_two_text_color__hover_enabled=&#8220;on&#8220; button_two_text_color__hover=&#8220;#edbb5f&#8220; button_one_border_width__hover_enabled=&#8220;off&#8220; button_two_border_width__hover_enabled=&#8220;off&#8220; button_one_border_color__hover_enabled=&#8220;off&#8220; button_two_border_color__hover_enabled=&#8220;off&#8220; button_one_border_radius__hover_enabled=&#8220;off&#8220; button_two_border_radius__hover_enabled=&#8220;off&#8220; button_one_letter_spacing__hover_enabled=&#8220;off&#8220; button_two_letter_spacing__hover_enabled=&#8220;off&#8220; button_one_bg_color__hover_enabled=&#8220;on&#8220; button_one_bg_color__hover=&#8220;rgba(0,0,0,0)&#8220; button_two_bg_color__hover_enabled=&#8220;on&#8220; button_two_bg_color__hover=&#8220;rgba(0,0,0,0)&#8220;]<\/p>\n<p>&nbsp;<\/p>\n<p>.<\/p>\n<p>.<\/p>\n<p>.<\/p>\n<p>.<\/p>\n<p>[\/et_pb_fullwidth_header][\/et_pb_section][et_pb_section fb_built=&#8220;1&#8243; _builder_version=&#8220;4.19.5&#8243; _module_preset=&#8220;default&#8220; global_colors_info=&#8220;{}&#8220;][et_pb_row _builder_version=&#8220;4.19.5&#8243; _module_preset=&#8220;default&#8220; global_colors_info=&#8220;{}&#8220;][et_pb_column type=&#8220;4_4&#8243; _builder_version=&#8220;4.19.5&#8243; _module_preset=&#8220;default&#8220; global_colors_info=&#8220;{}&#8220;][et_pb_text _builder_version=&#8220;4.20.0&#8243; _module_preset=&#8220;default&#8220; text_text_color=&#8220;#000000&#8243; text_font_size_tablet=&#8220;12px&#8220; text_font_size_phone=&#8220;9px&#8220; text_font_size_last_edited=&#8220;on|phone&#8220; global_colors_info=&#8220;{}&#8220;]<\/p>\n<p><strong>Hinweise zur Datenverarbeitung<\/strong><\/p>\n<p><strong>Name und Kontaktdaten des f\u00fcr die Verarbeitung Verantwortlichen<\/strong><\/p>\n<p>Diese Datenschutz-Information gilt f\u00fcr die Datenverarbeitung durch:<\/p>\n<p>Verantwortlicher:<\/p>\n<p>Joanna Chwat<br \/>Bergheimer Str. 101 a<br \/>69115 Heidelberg, Deutschland<\/p>\n<p>E-Mail: <u><a href=\"mailto:info@uebers-pl-de.de\">info@uebers-pl-de.de<\/a><\/u><br \/>Telefon: +49 (06221) 164190<br \/>Fax: +49 (06221) 164177<\/p>\n<p>[\/et_pb_text][et_pb_button button_url=&#8220;http:\/\/uebers-pl-de.de\/dokumente\/datenschutz_feb_2023.pdf&#8220; url_new_window=&#8220;on&#8220; button_text=&#8220;Download DSGVO&#8220; _builder_version=&#8220;4.20.0&#8243; _module_preset=&#8220;default&#8220; custom_button=&#8220;on&#8220; button_text_size=&#8220;15px&#8220; button_text_size_tablet=&#8220;13px&#8220; button_text_size_phone=&#8220;10px&#8220; button_text_size_last_edited=&#8220;on|phone&#8220; global_colors_info=&#8220;{}&#8220;][\/et_pb_button][et_pb_accordion closed_toggle_text_color=&#8220;#000000&#8243; _builder_version=&#8220;4.20.0&#8243; _module_preset=&#8220;default&#8220; toggle_text_color=&#8220;#000000&#8243; toggle_font_size=&#8220;15px&#8220; body_text_color=&#8220;#000000&#8243; hover_enabled=&#8220;0&#8243; toggle_font_size_tablet=&#8220;13px&#8220; toggle_font_size_phone=&#8220;10px&#8220; toggle_font_size_last_edited=&#8220;on|phone&#8220; body_font_size_tablet=&#8220;12px&#8220; body_font_size_phone=&#8220;10px&#8220; body_font_size_last_edited=&#8220;on|desktop&#8220; global_colors_info=&#8220;{}&#8220; sticky_enabled=&#8220;0&#8243;][et_pb_accordion_item title=&#8220;1.\tErhebung und Speicherung personenbezogener Daten sowie Art und Zweck von deren Verwendung beim Besuch der Webseite&#8220; _builder_version=&#8220;4.20.0&#8243; _module_preset=&#8220;default&#8220; custom_margin=&#8220;||-1px||false|false&#8220; hover_enabled=&#8220;0&#8243; custom_css_main_element=&#8220;display: close; &#8220; global_colors_info=&#8220;{}&#8220; open=&#8220;off&#8220; sticky_enabled=&#8220;0&#8243;]<\/p>\n<p>Beim Aufrufen unserer Website <strong>https:\/\/uebers-pl-de.de<\/strong> werden durch den auf Ihrem Endger\u00e4t zum Einsatz kommenden Browser automatisch Informationen an den Server unserer Website gesendet. Diese Informationen werden tempor\u00e4r in einem Logfile gespeichert. Folgende Informationen werden dabei ohne Ihr Zutun erfasst und bis zur automatisierten L\u00f6schung gespeichert:<\/p>\n<ul>\n<li>\u00a0 \u00a0\u00a0 IP-Adresse des anfragenden Rechners,<\/li>\n<li>\u00a0 \u00a0\u00a0 Datum und Uhrzeit des Zugriffs,<\/li>\n<li>\u00a0 \u00a0\u00a0 Name und URL der abgerufenen Datei,<\/li>\n<li>\u00a0 \u00a0\u00a0 Website, von welcher aus dem Zugriff erfolgt (Referrer-URL),<\/li>\n<li>\u00a0 \u00a0\u00a0 verwendeter Browser und ggf. das Betriebssystem und der Ger\u00e4tetyp Ihres Rechners sowie der Name Ihres Access-Providers.<\/li>\n<\/ul>\n<p>Die genannten Daten werden durch uns zu folgenden Zwecken verarbeitet:<\/p>\n<ul>\n<li>\u00a0 \u00a0\u00a0 Gew\u00e4hrleistung eines reibungslosen Verbindungsaufbaus der Website,<\/li>\n<li>\u00a0 \u00a0\u00a0 Gew\u00e4hrleistung einer komfortablen Nutzung unserer Website,<\/li>\n<li>\u00a0 \u00a0\u00a0 Auswertung der Systemsicherheit und -stabilit\u00e4t sowie<\/li>\n<li>\u00a0 \u00a0\u00a0 zu weiteren administrativen Zwecken.<\/li>\n<\/ul>\n<p>Die Rechtsgrundlage f\u00fcr die Datenverarbeitung ist Art.\u00a06 Abs.\u00a01 S.\u00a01 lit.\u00a0f DSGVO. Unser berechtigtes Interesse folgt aus oben aufgelisteten Zwecken zur Datenerhebung. In keinem Fall verwenden wir die erhobenen Daten zu dem Zweck, R\u00fcckschl\u00fcsse auf Ihre Person zu ziehen.<\/p>\n<p>Bei Nutzung unseres Kontaktformulars:<\/p>\n<p>Bei Fragen jeglicher Art bieten wir Ihnen die M\u00f6glichkeit mit uns \u00fcber ein auf der Webseite bereitgestelltes Formular Kontakt aufzunehmen. Dabei ist die Angabe Ihres Namens und einer g\u00fcltigen E-Mailadresse sowie des Kontaktgrundes erforderlich, damit wir wissen, von wem die Anfrage stammt, Ihnen eine Best\u00e4tigung \u00fcber den Eingang Ihrer Kontaktaufnahme senden und um diese beantworten zu k\u00f6nnen. Diese Daten werden von dem Server unserer Website gespeichert und durch unser E-Mail-Programm zur Kontaktaufnahme mit Ihnen verarbeitet. Au\u00dferdem erhalten Sie zeitgleich eine Kopie des von Ihnen ausgef\u00fcllten Kontaktformulars an Ihren E-Mail Provider welcher eine Kopie Ihrer Daten zeitlich begrenzt oder permanent vorhalten kann. Hierzu \u00fcberpr\u00fcfen Sie bitte die Einstellungen bei Ihrem E-Mail Provider und\/oder in Ihrem E-Mail-Programm.<\/p>\n<p>Dar\u00fcber hinaus setzen wir beim Besuch unser Website Cookies ein. N\u00e4here Erl\u00e4uterungen dazu erhalten Sie unter Ziff. 4 dieser Datenschutzerkl\u00e4rung.<\/p>\n<p>[\/et_pb_accordion_item][et_pb_accordion_item title=&#8220;2.\tWebhosting &#8211; STRATO&#8220; open=&#8220;off&#8220; _builder_version=&#8220;4.19.5&#8243; _module_preset=&#8220;default&#8220; custom_margin=&#8220;||-1px||false|false&#8220; global_colors_info=&#8220;{}&#8220;]<\/p>\n<p>Wir hosten unsere Webseite bei STRATO AG, Otto-Ostrowski-Stra\u00dfe 7, 10249 Berlin mit dem Serverstandort in Deutschland. Ein gesonderter AVV-Vertrag (Vereinbarung zur Auftragsverarbeitung) wurde mit der STRATO AG abgeschlossen und kann <a href=\"uebers-pl-de.de\/dokumente\/avv_vertrag_strato.pdf\">hier<\/a> eingesehen werden. Die aktuellen AGBs stehen Ihnen auf der <a href=\"https:\/\/www.strato.de\/agb\/\">STRATO<\/a> Anbieterseite zum Nachlesen zur Verf\u00fcgung.<\/p>\n<p>[\/et_pb_accordion_item][et_pb_accordion_item title=&#8220;3.\tWeitergabe von Daten&#8220; _builder_version=&#8220;4.19.5&#8243; _module_preset=&#8220;default&#8220; custom_margin=&#8220;||-1px||false|false&#8220; global_colors_info=&#8220;{}&#8220; open=&#8220;off&#8220;]<\/p>\n<p>Eine \u00dcbermittlung Ihrer pers\u00f6nlichen Daten an Dritte zu anderen als den im Folgenden aufgef\u00fchrten Zwecken findet nicht statt.<\/p>\n<p>Wir geben Ihre pers\u00f6nlichen Daten nur an Dritte weiter, wenn:<\/p>\n<ul>\n<li>Sie Ihre nach Art.\u00a06 Abs.\u00a01 S.\u00a01 lit.\u00a0a DSGVO ausdr\u00fcckliche Einwilligung dazu erteilt haben,<\/li>\n<li>die Weitergabe nach Art.\u00a06 Abs.\u00a01 S.\u00a01 lit.\u00a0f DSGVO zur Geltendmachung, Aus\u00fcbung oder Verteidigung von Rechtsanspr\u00fcchen erforderlich ist und kein Grund zur Annahme besteht, dass Sie ein \u00fcberwiegendes schutzw\u00fcrdiges Interesse an der Nichtweitergabe Ihrer Daten haben,<\/li>\n<li>f\u00fcr den Fall, dass f\u00fcr die Weitergabe nach Art.\u00a06 Abs.\u00a01 S.\u00a01 lit.\u00a0c DSGVO eine gesetzliche Verpflichtung besteht, sowie<\/li>\n<li>dies gesetzlich zul\u00e4ssig und nach Art.\u00a06 Abs.\u00a01 S.\u00a01 lit.\u00a0b DSGVO f\u00fcr die Abwicklung von Vertragsverh\u00e4ltnissen mit Ihnen erforderlich ist.<\/li>\n<\/ul>\n<p>[\/et_pb_accordion_item][et_pb_accordion_item title=&#8220;4.\tCookies&#8220; _builder_version=&#8220;4.19.5&#8243; _module_preset=&#8220;default&#8220; custom_margin=&#8220;||-1px||false|false&#8220; global_colors_info=&#8220;{}&#8220; open=&#8220;off&#8220;]<\/p>\n<p>Wir setzen auf unserer Seite Cookies ein. Hierbei handelt es sich um kleine Dateien, die Ihr Browser automatisch erstellt und die auf Ihrem Endger\u00e4t (Laptop, Tablet, Smartphone o.\u00e4.) gespeichert werden, wenn Sie unsere Seite besuchen. Cookies richten auf Ihrem Endger\u00e4t keinen Schaden an, enthalten keine Viren, Trojaner oder sonstige Schadsoftware.<\/p>\n<p>Im Cookie werden Informationen abgelegt, die sich jeweils im Zusammenhang mit dem spezifisch eingesetzten Endger\u00e4t ergeben. Dies bedeutet jedoch nicht, dass wir dadurch unmittelbar Kenntnis von Ihrer Identit\u00e4t erhalten.<\/p>\n<p>Der Einsatz von Cookies dient dazu, die Nutzung unseres Angebots f\u00fcr Sie angenehmer zu gestalten. Wir setzen technische Cookies ein. Diese Art von Cookies wird eingesetzt, um den reibungslosen Betrieb der Website zu garantieren. Diese Session-Cookies setzen wir ein, um zu erkennen, dass Sie einzelne Seiten unserer Website bereits besucht haben. Diese werden nach Verlassen unserer Seite automatisch gel\u00f6scht.<\/p>\n<p>Die durch Cookies verarbeiteten Daten sind f\u00fcr die genannten Zwecke zur Wahrung unserer berechtigten Interessen sowie der Dritter nach Art.\u00a06 Abs.\u00a01 S.\u00a01 lit.\u00a0f DSGVO erforderlich.<\/p>\n<p>Die meisten Browser akzeptieren Cookies automatisch. Sie k\u00f6nnen Ihren Browser jedoch so konfigurieren, dass keine Cookies auf Ihrem Computer gespeichert werden oder stets ein Hinweis erscheint, bevor ein neues Cookie angelegt wird. Die vollst\u00e4ndige Deaktivierung von Cookies kann jedoch dazu f\u00fchren, dass Sie nicht alle Funktionen unserer Website nutzen k\u00f6nnen.<\/p>\n<p>[\/et_pb_accordion_item][et_pb_accordion_item title=&#8220;5.\tAnalyse-Tools&#8220; _builder_version=&#8220;4.20.0&#8243; _module_preset=&#8220;default&#8220; custom_margin=&#8220;||-1px||false|false&#8220; hover_enabled=&#8220;0&#8243; global_colors_info=&#8220;{}&#8220; open=&#8220;off&#8220; sticky_enabled=&#8220;0&#8243;]<\/p>\n<p>Die im Folgenden aufgef\u00fchrte und von uns eingesetzte Tracking-Ma\u00dfnahme wird auf Grundlage des Art. 6 Abs. 1 S. 1 lit. f DSGVO durchgef\u00fchrt. Mit der zum Einsatz kommenden Tracking-Ma\u00dfnahme wollen wir eine bedarfsgerechte Gestaltung und die fortlaufende Optimierung unserer Webseite sicherstellen. Zum anderen setzen wir die Tracking-Ma\u00dfnahme ein, um die Nutzung unserer Webseite statistisch zu erfassen und zum Zwecke der Optimierung unseres Angebotes f\u00fcr Sie. Diese Interessen sind als berechtigt im Sinne der vorgenannten Vorschrift anzusehen. Die jeweiligen Datenverarbeitungszwecke und Datenkategorien sind aus dem entsprechenden Tracking-Tools zu entnehmen.<\/p>\n<p>[\/et_pb_accordion_item][et_pb_accordion_item title=&#8220;6.\tGoogle Web Analytics&#8220; _builder_version=&#8220;4.19.5&#8243; _module_preset=&#8220;default&#8220; custom_margin=&#8220;||-1px||false|false&#8220; global_colors_info=&#8220;{}&#8220; open=&#8220;off&#8220;]<\/p>\n<p>In Google Web Analytics werden Daten ausschlie\u00dflich zur statistischen Auswertung und zur technischen Optimierung des Webangebots erhoben. Mit Google Web Analytics werden folgende Daten erfasst:<\/p>\n<ul>\n<li>Referrer (zuvor besuchte Webseite)<\/li>\n<li>Angeforderte Webseite oder Daten<\/li>\n<li>Browsertyp und Browserversion<\/li>\n<li>Verwendetes Betriebssystem<\/li>\n<li>Verwendeter Ger\u00e4tetyp<\/li>\n<li>Uhrzeit des Zugriffs<\/li>\n<li>IP-Adresse in anonymisierter Form (wird nur zur Feststellung des Orts des Zugriffs verwendet)<\/li>\n<li>Die Google Datenschutzerkl\u00e4rung k\u00f6nnen Sie <a href=\"https:\/\/policies.google.com\/privacy?hl=de\">hier<\/a> nachlesen<\/li>\n<\/ul>\n<p>[\/et_pb_accordion_item][et_pb_accordion_item title=&#8220;7.\tSicherheits-Plugins&#8220; _builder_version=&#8220;4.20.0&#8243; _module_preset=&#8220;default&#8220; custom_margin=&#8220;||-1px||false|false&#8220; hover_enabled=&#8220;0&#8243; global_colors_info=&#8220;{}&#8220; open=&#8220;off&#8220; sticky_enabled=&#8220;0&#8243;]<\/p>\n<p>Auf der Webseite <strong>https:\/\/uebers-pl-de.de<\/strong> kommt das Plugin \u201eWordfence Firewall\u201c zum Einsatz. Dies dient dem Schutz vor Angriffen aus dem Internet, Viren, Brute Force Angriffen und zerst\u00f6renden Codes. Es wird nur die Art und Anzahl der Angriffe von dem Plugin protokolliert. Bei fehlgeschlagenen, sowie erfolgreichen Login-Versuchen wird zus\u00e4tzlich die IP-Adresse des jeweiligen Benutzers hinzugef\u00fcgt.<\/p>\n<p><strong>Die IP-Adresse eines Webseiten-Besuchers ist von einer Speicherung ausgeschlossen!<\/strong><\/p>\n<p>IP-Adressen werden zur Identifikation ben\u00f6tigt, um zuk\u00fcnftige Angriffe jeder Art zu blockieren und rechtliche Ma\u00dfnahmen geltend zu machen. Aus diesem Grund kann die IP-Adresse bei einer Anmeldung auf der Webseite nicht verschleiert werden. Die Datenschutzrichtlinie des Herstellers k\u00f6nnen Sie auf der Webseite, <a href=\"https:\/\/www.wordfence.com\/privacy-policy\/\">Defiant Inc. Wordfence<\/a>, COO for Defiant Inc., 1700 Westlake Ave N Ste 200, Seattle, WA 98109, in englischer Sprache nachlesen. Ein gesonderter AVV-Vertrag (Vereinbarung zur Auftragsverarbeitung) muss nicht mehr mit Definat Inc. Wordfence abgeschlossen werden, da dieser in die aktuelle Datenschutzerkl\u00e4rung des Anbieters in die Allgemeinen Gesch\u00e4ftsbedingungen (AGBs) inkludiert wurde.<\/p>\n<p>[\/et_pb_accordion_item][et_pb_accordion_item title=&#8220;8.\tBetroffenenrechte&#8220; _builder_version=&#8220;4.20.0&#8243; _module_preset=&#8220;default&#8220; custom_margin=&#8220;||-1px||false|false&#8220; hover_enabled=&#8220;0&#8243; global_colors_info=&#8220;{}&#8220; open=&#8220;on&#8220; sticky_enabled=&#8220;0&#8243;]<\/p>\n<p>Sie haben das Recht:<\/p>\n<ul>\n<li>gem\u00e4\u00df Art.\u00a015 DSGVO Auskunft \u00fcber Ihre von uns verarbeiteten personenbezogenen Daten zu verlangen. Insbesondere k\u00f6nnen Sie Auskunft \u00fcber die Verarbeitungszwecke, die Kategorie der personenbezogenen Daten, die Kategorien von Empf\u00e4ngern, gegen\u00fcber denen Ihre Daten offengelegt wurden oder werden, die geplante Speicherdauer, das Bestehen eines Rechts auf Berichtigung, L\u00f6schung, Einschr\u00e4nkung der Verarbeitung oder Widerspruch, das Bestehen eines Beschwerderechts, die Herkunft ihrer Daten, sofern diese nicht bei mir erhoben wurden, sowie \u00fcber das Bestehen einer automatisierten Entscheidungsfindung einschlie\u00dflich Profilierung und ggf. aussagekr\u00e4ftigen Informationen zu deren Einzelheiten verlangen;<\/li>\n<li>gem\u00e4\u00df Art.\u00a016 DSGVO unverz\u00fcglich die Berichtigung unrichtiger oder Vervollst\u00e4ndigung Ihrer bei uns gespeicherten personenbezogenen Daten zu verlangen;<\/li>\n<li>gem\u00e4\u00df Art.\u00a017 DSGVO die L\u00f6schung Ihrer bei uns gespeicherten personenbezogenen Daten zu verlangen, soweit nicht die Verarbeitung zur Aus\u00fcbung des Rechts auf freie Meinungs\u00e4u\u00dferung und Information, zur Erf\u00fcllung einer rechtlichen Verpflichtung, aus Gr\u00fcnden des \u00f6ffentlichen Interesses oder zur Geltendmachung, Aus\u00fcbung oder Verteidigung von Rechtsanspr\u00fcchen erforderlich ist;<\/li>\n<li>gem\u00e4\u00df Art.\u00a018 DSGVO die Einschr\u00e4nkung der Verarbeitung Ihrer personenbezogenen Daten zu verlangen, soweit die Richtigkeit der Daten von Ihnen bestritten wird, die Verarbeitung unrechtm\u00e4\u00dfig ist, Sie aber deren L\u00f6schung ablehnen und wir die Daten nicht mehr ben\u00f6tigen, Sie jedoch diese zur Geltendmachung, Aus\u00fcbung oder Verteidigung von Rechtsanspr\u00fcchen ben\u00f6tigen oder Sie gem\u00e4\u00df Art.\u00a021 DSGVO Widerspruch gegen die Verarbeitung eingelegt haben;<\/li>\n<li>gem\u00e4\u00df Art.\u00a020 DSGVO Ihre personenbezogenen Daten, die Sie uns bereitgestellt haben, in einem strukturierten, g\u00e4ngigen und maschinenlesebaren Format zu erhalten oder die \u00dcbermittlung an einen anderen Verantwortlichen zu verlangen;<\/li>\n<li>gem\u00e4\u00df Art.\u00a07 Abs.\u00a03 DSGVO Ihre einmal erteilte Einwilligung jederzeit gegen\u00fcber uns zu widerrufen. Dies hat zur Folge, dass wir die Datenverarbeitung, die auf dieser Einwilligung beruhte, f\u00fcr die Zukunft nicht mehr fortf\u00fchren d\u00fcrfen und<\/li>\n<li>gem\u00e4\u00df Art. 77 DSGVO sich bei einer Aufsichtsbeh\u00f6rde zu beschweren. In der Regel k\u00f6nnen Sie sich hierf\u00fcr an die Aufsichtsbeh\u00f6rde Ihres \u00fcblichen Aufenthaltsortes oder Arbeitsplatzes oder des Orts des mutma\u00dflichen Versto\u00dfes.<\/li>\n<\/ul>\n<p>[\/et_pb_accordion_item][et_pb_accordion_item title=&#8220;9.\tWiderspruchsrecht&#8220; _builder_version=&#8220;4.19.5&#8243; _module_preset=&#8220;default&#8220; custom_margin=&#8220;||-1px||false|false&#8220; global_colors_info=&#8220;{}&#8220; open=&#8220;off&#8220;]<\/p>\n<p>Sofern Ihre personenbezogenen Daten auf Grundlage von berechtigten Interessen gem\u00e4\u00df Art.\u00a06 Abs.\u00a01 S.\u00a01 lit.\u00a0f DSGVO verarbeitet werden, haben Sie das Recht, gem\u00e4\u00df Art.\u00a021 DSGVO Widerspruch gegen die Verarbeitung Ihrer personenbezogenen Daten einzulegen, soweit daf\u00fcr Gr\u00fcnde vorliegen, die sich aus Ihrer besonderen Situation ergeben oder sich der Widerspruch gegen Direktwerbung richtet. Im letzteren Fall haben Sie ein generelles Widerspruchsrecht, das ohne Angabe einer besonderen Situation von mir umgesetzt wird.<\/p>\n<p>M\u00f6chten Sie von Ihrem Widerrufs- oder Widerspruchsrecht Gebrauch machen, gen\u00fcgt eine E-Mail an <u><a href=\"mailto:info@uebers-pl-de.de\">info@uebers-pl-de.de<\/a><\/u><\/p>\n<p>[\/et_pb_accordion_item][et_pb_accordion_item title=&#8220;10.\tDatensicherheit&#8220; _builder_version=&#8220;4.19.5&#8243; _module_preset=&#8220;default&#8220; custom_margin=&#8220;||-1px||false|false&#8220; global_colors_info=&#8220;{}&#8220; open=&#8220;off&#8220;]<\/p>\n<p>Wir verwenden innerhalb des Website-Besuchs das verbreitete SSL-Verfahren (Secure Socket Layer) in Verbindung mit der jeweils h\u00f6chsten Verschl\u00fcsselungsstufe, die von Ihrem Browser unterst\u00fctzt wird. In der Regel handelt es sich dabei um eine 256 Bit Verschl\u00fcsselung. Falls Ihr Browser keine 256-Bit Verschl\u00fcsselung unterst\u00fctzt, greifen wir stattdessen auf 128-Bit v3 Technologie zur\u00fcck. Ob eine einzelne Seite unseres Internetauftrittes verschl\u00fcsselt \u00fcbertragen wird, erkennen Sie an der geschlossenen Darstellung des gr\u00fcnen Schloss-Symbols neben der Adresszeile Ihres Browsers.<\/p>\n<p>Wir bedienen uns im \u00dcbrigen geeigneter technischer und organisatorischer Sicherheitsma\u00dfnahmen, um Ihre Daten gegen zuf\u00e4llige oder vors\u00e4tzliche Manipulationen, teilweisen oder vollst\u00e4ndigen Verlust, Zerst\u00f6rung oder gegen den unbefugten Zugriff Dritter zu sch\u00fctzen. Unsere Sicherheitsma\u00dfnahmen werden entsprechend der technologischen Entwicklung fortlaufend verbessert.<\/p>\n<p>[\/et_pb_accordion_item][et_pb_accordion_item title=&#8220;11.\tAktualit\u00e4t und \u00c4nderung dieser Datenschutzerkl\u00e4rung&#8220; _builder_version=&#8220;4.19.5&#8243; _module_preset=&#8220;default&#8220; global_colors_info=&#8220;{}&#8220; open=&#8220;off&#8220;]<\/p>\n<p>Diese Datenschutzerkl\u00e4rung ist aktuell g\u00fcltig und hat den <strong>Stand Februar 2023<\/strong>.<\/p>\n<p>Durch die Weiterentwicklung unserer Website und Angebote oder auf Grund ge\u00e4nderter gesetzlicher, beziehungsweise beh\u00f6rdlicher Vorgaben kann es notwendig werden, diese Datenschutzerkl\u00e4rung zu \u00e4ndern. Die jeweils aktuelle Datenschutzerkl\u00e4rung kann jederzeit von Ihnen eingesehen oder heruntergeladen werden.<\/p>\n<p>[\/et_pb_accordion_item][\/et_pb_accordion][\/et_pb_column][\/et_pb_row][\/et_pb_section]<\/p>\n","protected":false},"excerpt":{"rendered":"<p>&nbsp; . . . .Hinweise zur Datenverarbeitung Name und Kontaktdaten des f\u00fcr die Verarbeitung Verantwortlichen Diese Datenschutz-Information gilt f\u00fcr die Datenverarbeitung durch: Verantwortlicher: Joanna ChwatBergheimer Str. 101 a69115 Heidelberg, Deutschland E-Mail: info@uebers-pl-de.deTelefon: +49 (06221) 164190Fax: +49 (06221) 164177Beim Aufrufen unserer Website https:\/\/uebers-pl-de.de werden durch den auf Ihrem Endger\u00e4t zum Einsatz kommenden Browser automatisch Informationen an [&hellip;]<\/p>\n","protected":false},"author":1,"featured_media":0,"parent":0,"menu_order":0,"comment_status":"closed","ping_status":"closed","template":"","meta":{"_et_pb_use_builder":"on","_et_pb_old_content":"","_et_gb_content_width":"","footnotes":""},"class_list":["post-63","page","type-page","status-publish","hentry"],"_links":{"self":[{"href":"https:\/\/uebers-pl-de.de\/pl\/wp-json\/wp\/v2\/pages\/63","targetHints":{"allow":["GET"]}}],"collection":[{"href":"https:\/\/uebers-pl-de.de\/pl\/wp-json\/wp\/v2\/pages"}],"about":[{"href":"https:\/\/uebers-pl-de.de\/pl\/wp-json\/wp\/v2\/types\/page"}],"author":[{"embeddable":true,"href":"https:\/\/uebers-pl-de.de\/pl\/wp-json\/wp\/v2\/users\/1"}],"replies":[{"embeddable":true,"href":"https:\/\/uebers-pl-de.de\/pl\/wp-json\/wp\/v2\/comments?post=63"}],"version-history":[{"count":14,"href":"https:\/\/uebers-pl-de.de\/pl\/wp-json\/wp\/v2\/pages\/63\/revisions"}],"predecessor-version":[{"id":305,"href":"https:\/\/uebers-pl-de.de\/pl\/wp-json\/wp\/v2\/pages\/63\/revisions\/305"}],"wp:attachment":[{"href":"https:\/\/uebers-pl-de.de\/pl\/wp-json\/wp\/v2\/media?parent=63"}],"curies":[{"name":"wp","href":"https:\/\/api.w.org\/{rel}","templated":true}]}}